{"id":1299,"date":"2025-10-30T14:54:42","date_gmt":"2025-10-30T13:54:42","guid":{"rendered":"https:\/\/cogerie.com\/?post_type=product&#038;p=1299"},"modified":"2025-10-30T16:34:53","modified_gmt":"2025-10-30T15:34:53","slug":"night-cream-intense-recovery-50ml","status":"publish","type":"product","link":"https:\/\/cogerie.com\/fr\/produit\/night-cream-intense-recovery-50ml\/","title":{"rendered":"R\u00c9CUP\u00c9RATION INTENSE \u2013 Cr\u00e8me de nuit \u2013 50 ml"},"content":{"rendered":"<p>[et_pb_section fb_built=&#8221;1&#8243; _builder_version=&#8221;4.16&#8243; custom_padding=&#8221;0px||||false|false&#8221; da_disable_devices=&#8221;off|off|off&#8221; global_colors_info=&#8221;{}&#8221; da_is_popup=&#8221;off&#8221; da_exit_intent=&#8221;off&#8221; da_has_close=&#8221;on&#8221; da_alt_close=&#8221;off&#8221; da_dark_close=&#8221;off&#8221; da_not_modal=&#8221;on&#8221; da_is_singular=&#8221;off&#8221; da_with_loader=&#8221;off&#8221; da_has_shadow=&#8221;on&#8221;][et_pb_row _builder_version=&#8221;4.16&#8243; background_size=&#8221;initial&#8221; background_position=&#8221;top_left&#8221; background_repeat=&#8221;repeat&#8221; width=&#8221;100%&#8221; custom_padding=&#8221;0px||0px||false|false&#8221; global_colors_info=&#8221;{}&#8221;][et_pb_column type=&#8221;4_4&#8243; _builder_version=&#8221;4.16&#8243; custom_padding=&#8221;|||&#8221; global_colors_info=&#8221;{}&#8221; custom_padding__hover=&#8221;|||&#8221;][et_pb_wc_breadcrumb _builder_version=&#8221;4.16&#8243; global_colors_info=&#8221;{}&#8221;][\/et_pb_wc_breadcrumb][et_pb_wc_cart_notice _builder_version=&#8221;4.16&#8243; global_colors_info=&#8221;{}&#8221;][\/et_pb_wc_cart_notice][\/et_pb_column][\/et_pb_row][et_pb_row column_structure=&#8221;1_2,1_2&#8243; _builder_version=&#8221;4.16&#8243; background_size=&#8221;initial&#8221; background_position=&#8221;top_left&#8221; background_repeat=&#8221;repeat&#8221; width=&#8221;100%&#8221; custom_padding=&#8221;0px||||false|false&#8221; global_colors_info=&#8221;{}&#8221;][et_pb_column type=&#8221;1_2&#8243; _builder_version=&#8221;4.16&#8243; custom_padding=&#8221;|||&#8221; global_colors_info=&#8221;{}&#8221; custom_padding__hover=&#8221;|||&#8221;][et_pb_wc_images _builder_version=&#8221;4.16&#8243; global_colors_info=&#8221;{}&#8221;][\/et_pb_wc_images][\/et_pb_column][et_pb_column type=&#8221;1_2&#8243; _builder_version=&#8221;4.16&#8243; custom_padding=&#8221;|||&#8221; global_colors_info=&#8221;{}&#8221; custom_padding__hover=&#8221;|||&#8221;][et_pb_wc_title _builder_version=&#8221;4.16&#8243; global_colors_info=&#8221;{}&#8221;][\/et_pb_wc_title][et_pb_wc_rating _builder_version=&#8221;4.16&#8243; global_colors_info=&#8221;{}&#8221;][\/et_pb_wc_rating][et_pb_wc_price _builder_version=&#8221;4.16&#8243; global_colors_info=&#8221;{}&#8221;][\/et_pb_wc_price][et_pb_wc_description _builder_version=&#8221;4.16&#8243; global_colors_info=&#8221;{}&#8221;][\/et_pb_wc_description][et_pb_wc_add_to_cart _builder_version=&#8221;4.16&#8243; global_colors_info=&#8221;{}&#8221;][\/et_pb_wc_add_to_cart][et_pb_wc_meta _builder_version=&#8221;4.16&#8243; global_colors_info=&#8221;{}&#8221;][\/et_pb_wc_meta][\/et_pb_column][\/et_pb_row][et_pb_row _builder_version=&#8221;4.16&#8243; background_size=&#8221;initial&#8221; background_position=&#8221;top_left&#8221; background_repeat=&#8221;repeat&#8221; width=&#8221;100%&#8221; global_colors_info=&#8221;{}&#8221;][et_pb_column type=&#8221;4_4&#8243; _builder_version=&#8221;4.16&#8243; custom_padding=&#8221;|||&#8221; global_colors_info=&#8221;{}&#8221; custom_padding__hover=&#8221;|||&#8221;][et_pb_wc_upsells _builder_version=&#8221;4.16&#8243; global_colors_info=&#8221;{}&#8221;][\/et_pb_wc_upsells][et_pb_wc_related_products _builder_version=&#8221;4.16&#8243; global_colors_info=&#8221;{}&#8221;][\/et_pb_wc_related_products][\/et_pb_column][\/et_pb_row][\/et_pb_section]<\/p>\n","protected":false},"excerpt":{"rendered":"<h3><strong>R\u00c9CUP\u00c9RATION INTENSE<\/strong><\/h3>\n<p><strong>Cr\u00e8me de nuit<\/strong><\/p>\n<p>Riche en actifs anti-\u00e2ge, cette cr\u00e8me de nuit renforce le capital de d\u00e9fense naturelle de l'\u00e9piderme pour une r\u00e9cup\u00e9ration intense pendant le sommeil. Apr\u00e8s une journ\u00e9e de stresse oxydative, la peau est repos\u00e9e et retrouve son r\u00e9confort durant la nuit.<\/p>\n<p><img loading=\"lazy\" decoding=\"async\" class=\"wp-image-531 alignnone size-full\" src=\"https:\/\/cogerie.com\/wp-content\/uploads\/2022\/03\/Asset-3.png\" alt=\"\" width=\"238\" height=\"5\" \/><\/p>\n<p><strong>LES ACTIFS PRINCIPAUX:<\/strong><\/p>\n<ul>\n<li>Huile de Coco<\/li>\n<li>Huile d\u2019Amande douce<\/li>\n<li>Huile de Jojoba<\/li>\n<li>Vitamine E<\/li>\n<li>Huile de Rose Damascena<\/li>\n<li>Prot\u00e9ine d\u2019yaourt hydrolys\u00e9<\/li>\n<li>ACB Yogurt Dermal Respiratory Factor<\/li>\n<\/ul>\n<p><strong>50 ml \/ 1,69 fl.oz.<\/strong><\/p>","protected":false},"featured_media":585,"template":"","meta":{"_et_pb_use_builder":"on","_et_pb_old_content":"","_et_gb_content_width":""},"product_brand":[],"product_cat":[23],"product_tag":[],"class_list":{"0":"post-1299","1":"product","2":"type-product","3":"status-publish","4":"has-post-thumbnail","6":"product_cat-day-and-night-care","8":"first","9":"instock","10":"taxable","11":"shipping-taxable","12":"purchasable","13":"product-type-simple"},"yoast_head":"<!-- This site is optimized with the Yoast SEO plugin v27.0 - https:\/\/yoast.com\/product\/yoast-seo-wordpress\/ -->\n<title>Night Cream - Intense Recovery - 50ml - Cogerie Paris<\/title>\n<meta name=\"robots\" content=\"index, follow, max-snippet:-1, max-image-preview:large, max-video-preview:-1\" \/>\n<link rel=\"canonical\" href=\"https:\/\/cogerie.com\/fr\/produit\/night-cream-intense-recovery-50ml\/\" \/>\n<meta property=\"og:locale\" content=\"fr_FR\" \/>\n<meta property=\"og:type\" content=\"article\" \/>\n<meta property=\"og:title\" content=\"Night Cream - Intense Recovery - 50ml - Cogerie Paris\" \/>\n<meta property=\"og:description\" content=\"INTENSE RECOVERY NIGHT CREAM  Rich in anti-aging active ingredients, this night cream strengthens the natural defence of the epidermis for intense recovery during sleep. After a day of oxidative stress, the skin is rested and regains its comfort at night.    MAIN ACTIVES:   Coconut Oil  Sweet Almond Oil  Jojoba Oil  Vitamin E  Damascena Rose Oil  Hydrolysed Yoghurt Protein  ACB Yogurt Dermal Respiratory Factor  50 ml \/ 1,69 fl.oz.\" \/>\n<meta property=\"og:url\" content=\"https:\/\/cogerie.com\/fr\/produit\/night-cream-intense-recovery-50ml\/\" \/>\n<meta property=\"og:site_name\" content=\"Cogerie Paris\" \/>\n<meta property=\"article:modified_time\" content=\"2025-10-30T15:34:53+00:00\" \/>\n<meta property=\"og:image\" content=\"https:\/\/cogerie.com\/wp-content\/uploads\/2022\/03\/nIGHT-cREAM.jpg\" \/>\n\t<meta property=\"og:image:width\" content=\"1500\" \/>\n\t<meta property=\"og:image:height\" content=\"1750\" \/>\n\t<meta property=\"og:image:type\" content=\"image\/jpeg\" \/>\n<meta name=\"twitter:card\" content=\"summary_large_image\" \/>\n<meta name=\"twitter:label1\" content=\"Dur\u00e9e de lecture estim\u00e9e\" \/>\n\t<meta name=\"twitter:data1\" content=\"2 minutes\" \/>\n<script type=\"application\/ld+json\" class=\"yoast-schema-graph\">{\"@context\":\"https:\/\/schema.org\",\"@graph\":[{\"@type\":\"WebPage\",\"@id\":\"https:\/\/cogerie.com\/product\/night-cream-intense-recovery-50ml\/\",\"url\":\"https:\/\/cogerie.com\/product\/night-cream-intense-recovery-50ml\/\",\"name\":\"Night Cream - Intense Recovery - 50ml - Cogerie Paris\",\"isPartOf\":{\"@id\":\"https:\/\/cogerie.com\/#website\"},\"primaryImageOfPage\":{\"@id\":\"https:\/\/cogerie.com\/product\/night-cream-intense-recovery-50ml\/#primaryimage\"},\"image\":{\"@id\":\"https:\/\/cogerie.com\/product\/night-cream-intense-recovery-50ml\/#primaryimage\"},\"thumbnailUrl\":\"https:\/\/cogerie.com\/wp-content\/uploads\/2022\/03\/nIGHT-cREAM.jpg\",\"datePublished\":\"2025-10-30T13:54:42+00:00\",\"dateModified\":\"2025-10-30T15:34:53+00:00\",\"breadcrumb\":{\"@id\":\"https:\/\/cogerie.com\/product\/night-cream-intense-recovery-50ml\/#breadcrumb\"},\"inLanguage\":\"fr-FR\",\"potentialAction\":[{\"@type\":\"ReadAction\",\"target\":[\"https:\/\/cogerie.com\/product\/night-cream-intense-recovery-50ml\/\"]}]},{\"@type\":\"ImageObject\",\"inLanguage\":\"fr-FR\",\"@id\":\"https:\/\/cogerie.com\/product\/night-cream-intense-recovery-50ml\/#primaryimage\",\"url\":\"https:\/\/cogerie.com\/wp-content\/uploads\/2022\/03\/nIGHT-cREAM.jpg\",\"contentUrl\":\"https:\/\/cogerie.com\/wp-content\/uploads\/2022\/03\/nIGHT-cREAM.jpg\",\"width\":1500,\"height\":1750},{\"@type\":\"BreadcrumbList\",\"@id\":\"https:\/\/cogerie.com\/product\/night-cream-intense-recovery-50ml\/#breadcrumb\",\"itemListElement\":[{\"@type\":\"ListItem\",\"position\":1,\"name\":\"Home\",\"item\":\"https:\/\/cogerie.com\/\"},{\"@type\":\"ListItem\",\"position\":2,\"name\":\"Shop\",\"item\":\"https:\/\/cogerie.com\/shop\/\"},{\"@type\":\"ListItem\",\"position\":3,\"name\":\"Night Cream &#8211; Intense Recovery &#8211; 50ml\"}]},{\"@type\":\"WebSite\",\"@id\":\"https:\/\/cogerie.com\/#website\",\"url\":\"https:\/\/cogerie.com\/\",\"name\":\"Cogerie Paris\",\"description\":\"\",\"publisher\":{\"@id\":\"https:\/\/cogerie.com\/#organization\"},\"potentialAction\":[{\"@type\":\"SearchAction\",\"target\":{\"@type\":\"EntryPoint\",\"urlTemplate\":\"https:\/\/cogerie.com\/?s={search_term_string}\"},\"query-input\":{\"@type\":\"PropertyValueSpecification\",\"valueRequired\":true,\"valueName\":\"search_term_string\"}}],\"inLanguage\":\"fr-FR\"},{\"@type\":\"Organization\",\"@id\":\"https:\/\/cogerie.com\/#organization\",\"name\":\"Cogerie Paris\",\"url\":\"https:\/\/cogerie.com\/\",\"logo\":{\"@type\":\"ImageObject\",\"inLanguage\":\"fr-FR\",\"@id\":\"https:\/\/cogerie.com\/#\/schema\/logo\/image\/\",\"url\":\"https:\/\/cogerie.com\/wp-content\/uploads\/2022\/01\/logo-gray-b-1024x549-1.png\",\"contentUrl\":\"https:\/\/cogerie.com\/wp-content\/uploads\/2022\/01\/logo-gray-b-1024x549-1.png\",\"width\":1024,\"height\":549,\"caption\":\"Cogerie Paris\"},\"image\":{\"@id\":\"https:\/\/cogerie.com\/#\/schema\/logo\/image\/\"}}]}<\/script>\n<!-- \/ Yoast SEO plugin. -->","yoast_head_json":{"title":"Night Cream - Intense Recovery - 50ml - Cogerie Paris","robots":{"index":"index","follow":"follow","max-snippet":"max-snippet:-1","max-image-preview":"max-image-preview:large","max-video-preview":"max-video-preview:-1"},"canonical":"https:\/\/cogerie.com\/fr\/produit\/night-cream-intense-recovery-50ml\/","og_locale":"fr_FR","og_type":"article","og_title":"Night Cream - Intense Recovery - 50ml - Cogerie Paris","og_description":"INTENSE RECOVERY NIGHT CREAM  Rich in anti-aging active ingredients, this night cream strengthens the natural defence of the epidermis for intense recovery during sleep. After a day of oxidative stress, the skin is rested and regains its comfort at night.    MAIN ACTIVES:   Coconut Oil  Sweet Almond Oil  Jojoba Oil  Vitamin E  Damascena Rose Oil  Hydrolysed Yoghurt Protein  ACB Yogurt Dermal Respiratory Factor  50 ml \/ 1,69 fl.oz.","og_url":"https:\/\/cogerie.com\/fr\/produit\/night-cream-intense-recovery-50ml\/","og_site_name":"Cogerie Paris","article_modified_time":"2025-10-30T15:34:53+00:00","og_image":[{"width":1500,"height":1750,"url":"https:\/\/cogerie.com\/wp-content\/uploads\/2022\/03\/nIGHT-cREAM.jpg","type":"image\/jpeg"}],"twitter_card":"summary_large_image","twitter_misc":{"Dur\u00e9e de lecture estim\u00e9e":"2 minutes"},"schema":{"@context":"https:\/\/schema.org","@graph":[{"@type":"WebPage","@id":"https:\/\/cogerie.com\/product\/night-cream-intense-recovery-50ml\/","url":"https:\/\/cogerie.com\/product\/night-cream-intense-recovery-50ml\/","name":"Night Cream - Intense Recovery - 50ml - Cogerie Paris","isPartOf":{"@id":"https:\/\/cogerie.com\/#website"},"primaryImageOfPage":{"@id":"https:\/\/cogerie.com\/product\/night-cream-intense-recovery-50ml\/#primaryimage"},"image":{"@id":"https:\/\/cogerie.com\/product\/night-cream-intense-recovery-50ml\/#primaryimage"},"thumbnailUrl":"https:\/\/cogerie.com\/wp-content\/uploads\/2022\/03\/nIGHT-cREAM.jpg","datePublished":"2025-10-30T13:54:42+00:00","dateModified":"2025-10-30T15:34:53+00:00","breadcrumb":{"@id":"https:\/\/cogerie.com\/product\/night-cream-intense-recovery-50ml\/#breadcrumb"},"inLanguage":"fr-FR","potentialAction":[{"@type":"ReadAction","target":["https:\/\/cogerie.com\/product\/night-cream-intense-recovery-50ml\/"]}]},{"@type":"ImageObject","inLanguage":"fr-FR","@id":"https:\/\/cogerie.com\/product\/night-cream-intense-recovery-50ml\/#primaryimage","url":"https:\/\/cogerie.com\/wp-content\/uploads\/2022\/03\/nIGHT-cREAM.jpg","contentUrl":"https:\/\/cogerie.com\/wp-content\/uploads\/2022\/03\/nIGHT-cREAM.jpg","width":1500,"height":1750},{"@type":"BreadcrumbList","@id":"https:\/\/cogerie.com\/product\/night-cream-intense-recovery-50ml\/#breadcrumb","itemListElement":[{"@type":"ListItem","position":1,"name":"Home","item":"https:\/\/cogerie.com\/"},{"@type":"ListItem","position":2,"name":"Shop","item":"https:\/\/cogerie.com\/shop\/"},{"@type":"ListItem","position":3,"name":"Night Cream &#8211; Intense Recovery &#8211; 50ml"}]},{"@type":"WebSite","@id":"https:\/\/cogerie.com\/#website","url":"https:\/\/cogerie.com\/","name":"Cogerie Paris","description":"","publisher":{"@id":"https:\/\/cogerie.com\/#organization"},"potentialAction":[{"@type":"SearchAction","target":{"@type":"EntryPoint","urlTemplate":"https:\/\/cogerie.com\/?s={search_term_string}"},"query-input":{"@type":"PropertyValueSpecification","valueRequired":true,"valueName":"search_term_string"}}],"inLanguage":"fr-FR"},{"@type":"Organization","@id":"https:\/\/cogerie.com\/#organization","name":"Cogerie Paris","url":"https:\/\/cogerie.com\/","logo":{"@type":"ImageObject","inLanguage":"fr-FR","@id":"https:\/\/cogerie.com\/#\/schema\/logo\/image\/","url":"https:\/\/cogerie.com\/wp-content\/uploads\/2022\/01\/logo-gray-b-1024x549-1.png","contentUrl":"https:\/\/cogerie.com\/wp-content\/uploads\/2022\/01\/logo-gray-b-1024x549-1.png","width":1024,"height":549,"caption":"Cogerie Paris"},"image":{"@id":"https:\/\/cogerie.com\/#\/schema\/logo\/image\/"}}]}},"_links":{"self":[{"href":"https:\/\/cogerie.com\/fr\/wp-json\/wp\/v2\/product\/1299","targetHints":{"allow":["GET"]}}],"collection":[{"href":"https:\/\/cogerie.com\/fr\/wp-json\/wp\/v2\/product"}],"about":[{"href":"https:\/\/cogerie.com\/fr\/wp-json\/wp\/v2\/types\/product"}],"wp:featuredmedia":[{"embeddable":true,"href":"https:\/\/cogerie.com\/fr\/wp-json\/wp\/v2\/media\/585"}],"wp:attachment":[{"href":"https:\/\/cogerie.com\/fr\/wp-json\/wp\/v2\/media?parent=1299"}],"wp:term":[{"taxonomy":"product_brand","embeddable":true,"href":"https:\/\/cogerie.com\/fr\/wp-json\/wp\/v2\/product_brand?post=1299"},{"taxonomy":"product_cat","embeddable":true,"href":"https:\/\/cogerie.com\/fr\/wp-json\/wp\/v2\/product_cat?post=1299"},{"taxonomy":"product_tag","embeddable":true,"href":"https:\/\/cogerie.com\/fr\/wp-json\/wp\/v2\/product_tag?post=1299"}],"curies":[{"name":"wp","href":"https:\/\/api.w.org\/{rel}","templated":true}]}}