{"id":1580,"date":"2025-11-01T21:28:27","date_gmt":"2025-11-01T20:28:27","guid":{"rendered":"https:\/\/cogerie.com\/?post_type=product&#038;p=1580"},"modified":"2025-11-01T21:33:11","modified_gmt":"2025-11-01T20:33:11","slug":"hand-wash-holy-lotus-flower-1l","status":"publish","type":"product","link":"https:\/\/cogerie.com\/fr\/produit\/hand-wash-holy-lotus-flower-1l\/","title":{"rendered":"Hand Wash &#8211; Holy Lotus Flower &#8211; 1L"},"content":{"rendered":"<p>[et_pb_section fb_built=&#8221;1&#8243; _builder_version=&#8221;4.16&#8243; custom_padding=&#8221;0px||||false|false&#8221; da_disable_devices=&#8221;off|off|off&#8221; global_colors_info=&#8221;{}&#8221; da_is_popup=&#8221;off&#8221; da_exit_intent=&#8221;off&#8221; da_has_close=&#8221;on&#8221; da_alt_close=&#8221;off&#8221; da_dark_close=&#8221;off&#8221; da_not_modal=&#8221;on&#8221; da_is_singular=&#8221;off&#8221; da_with_loader=&#8221;off&#8221; da_has_shadow=&#8221;on&#8221;][et_pb_row _builder_version=&#8221;4.16&#8243; background_size=&#8221;initial&#8221; background_position=&#8221;top_left&#8221; background_repeat=&#8221;repeat&#8221; width=&#8221;100%&#8221; custom_padding=&#8221;0px||0px||false|false&#8221; global_colors_info=&#8221;{}&#8221;][et_pb_column type=&#8221;4_4&#8243; _builder_version=&#8221;4.16&#8243; custom_padding=&#8221;|||&#8221; global_colors_info=&#8221;{}&#8221; custom_padding__hover=&#8221;|||&#8221;][et_pb_wc_breadcrumb _builder_version=&#8221;4.16&#8243; global_colors_info=&#8221;{}&#8221;][\/et_pb_wc_breadcrumb][et_pb_wc_cart_notice _builder_version=&#8221;4.16&#8243; global_colors_info=&#8221;{}&#8221;][\/et_pb_wc_cart_notice][\/et_pb_column][\/et_pb_row][et_pb_row column_structure=&#8221;1_2,1_2&#8243; _builder_version=&#8221;4.16&#8243; background_size=&#8221;initial&#8221; background_position=&#8221;top_left&#8221; background_repeat=&#8221;repeat&#8221; width=&#8221;100%&#8221; custom_padding=&#8221;0px||||false|false&#8221; global_colors_info=&#8221;{}&#8221;][et_pb_column type=&#8221;1_2&#8243; _builder_version=&#8221;4.16&#8243; custom_padding=&#8221;|||&#8221; global_colors_info=&#8221;{}&#8221; custom_padding__hover=&#8221;|||&#8221;][et_pb_wc_images _builder_version=&#8221;4.16&#8243; global_colors_info=&#8221;{}&#8221;][\/et_pb_wc_images][\/et_pb_column][et_pb_column type=&#8221;1_2&#8243; _builder_version=&#8221;4.16&#8243; custom_padding=&#8221;|||&#8221; global_colors_info=&#8221;{}&#8221; custom_padding__hover=&#8221;|||&#8221;][et_pb_wc_title _builder_version=&#8221;4.16&#8243; global_colors_info=&#8221;{}&#8221;][\/et_pb_wc_title][et_pb_wc_rating _builder_version=&#8221;4.16&#8243; global_colors_info=&#8221;{}&#8221;][\/et_pb_wc_rating][et_pb_wc_price _builder_version=&#8221;4.16&#8243; global_colors_info=&#8221;{}&#8221;][\/et_pb_wc_price][et_pb_wc_description _builder_version=&#8221;4.16&#8243; global_colors_info=&#8221;{}&#8221;][\/et_pb_wc_description][et_pb_wc_add_to_cart _builder_version=&#8221;4.16&#8243; global_colors_info=&#8221;{}&#8221;][\/et_pb_wc_add_to_cart][et_pb_wc_meta _builder_version=&#8221;4.16&#8243; global_colors_info=&#8221;{}&#8221;][\/et_pb_wc_meta][\/et_pb_column][\/et_pb_row][et_pb_row _builder_version=&#8221;4.16&#8243; background_size=&#8221;initial&#8221; background_position=&#8221;top_left&#8221; background_repeat=&#8221;repeat&#8221; width=&#8221;100%&#8221; global_colors_info=&#8221;{}&#8221;][et_pb_column type=&#8221;4_4&#8243; _builder_version=&#8221;4.16&#8243; custom_padding=&#8221;|||&#8221; global_colors_info=&#8221;{}&#8221; custom_padding__hover=&#8221;|||&#8221;][et_pb_wc_upsells columns_number=&#8221;3&#8243; _builder_version=&#8221;4.16&#8243; global_colors_info=&#8221;{}&#8221;][\/et_pb_wc_upsells][et_pb_wc_related_products columns_number=&#8221;3&#8243; _builder_version=&#8221;4.16&#8243; global_colors_info=&#8221;{}&#8221;][\/et_pb_wc_related_products][\/et_pb_column][\/et_pb_row][\/et_pb_section]<\/p>\n","protected":false},"excerpt":{"rendered":"<p>Une vari\u00e9t\u00e9 riche de parfums floraux et fruit\u00e9s s\u00e9duira m\u00eame les go\u00fbts olfactifs les plus exigeants, pour un plaisir des sens combin\u00e9 aux pouvoirs nettoyant puissants de cette collection de savons pour les mains. Une formule sp\u00e9cialement con\u00e7ue pour une mousse douce et fra\u00eeche qui nettoie d\u00e9licatement les mains.<\/p>\n<p><img loading=\"lazy\" decoding=\"async\" class=\"wp-image-531 alignnone size-full\" src=\"https:\/\/cogerie.com\/wp-content\/uploads\/2022\/03\/Asset-3.png\" alt=\"\" width=\"238\" height=\"5\" \/><\/p>\n<p><strong>1L \/ 33,8 fl. oz.<\/strong><\/p>","protected":false},"featured_media":1447,"template":"","meta":{"_et_pb_use_builder":"on","_et_pb_old_content":"","_et_gb_content_width":""},"product_brand":[],"product_cat":[24],"product_tag":[],"class_list":{"0":"post-1580","1":"product","2":"type-product","3":"status-publish","4":"has-post-thumbnail","6":"product_cat-bath-and-body","8":"first","9":"instock","10":"taxable","11":"shipping-taxable","12":"purchasable","13":"product-type-simple"},"yoast_head":"<!-- This site is optimized with the Yoast SEO plugin v27.0 - https:\/\/yoast.com\/product\/yoast-seo-wordpress\/ -->\n<title>Hand Wash - Holy Lotus Flower - 1L - Cogerie Paris<\/title>\n<meta name=\"robots\" content=\"index, follow, max-snippet:-1, max-image-preview:large, max-video-preview:-1\" \/>\n<link rel=\"canonical\" href=\"https:\/\/cogerie.com\/fr\/produit\/hand-wash-holy-lotus-flower-1l\/\" \/>\n<meta property=\"og:locale\" content=\"fr_FR\" \/>\n<meta property=\"og:type\" content=\"article\" \/>\n<meta property=\"og:title\" content=\"Hand Wash - Holy Lotus Flower - 1L - Cogerie Paris\" \/>\n<meta property=\"og:description\" content=\"A rich variety of floral and fruity fragrances will seduce even the most discerning olfactory tastes, for a pleasure of the senses combined with the powerful cleansing powers of this collection of hand soaps. A formula specially designed for a soft and fresh foam that gently cleanses the hands.    1L \/ 33,8 fl. oz.\" \/>\n<meta property=\"og:url\" content=\"https:\/\/cogerie.com\/fr\/produit\/hand-wash-holy-lotus-flower-1l\/\" \/>\n<meta property=\"og:site_name\" content=\"Cogerie Paris\" \/>\n<meta property=\"article:modified_time\" content=\"2025-11-01T20:33:11+00:00\" \/>\n<meta property=\"og:image\" content=\"https:\/\/cogerie.com\/wp-content\/uploads\/2025\/11\/Lotus_1L.jpg\" \/>\n\t<meta property=\"og:image:width\" content=\"1400\" \/>\n\t<meta property=\"og:image:height\" content=\"1400\" \/>\n\t<meta property=\"og:image:type\" content=\"image\/jpeg\" \/>\n<meta name=\"twitter:card\" content=\"summary_large_image\" \/>\n<meta name=\"twitter:label1\" content=\"Dur\u00e9e de lecture estim\u00e9e\" \/>\n\t<meta name=\"twitter:data1\" content=\"1 minute\" \/>\n<script type=\"application\/ld+json\" class=\"yoast-schema-graph\">{\"@context\":\"https:\/\/schema.org\",\"@graph\":[{\"@type\":\"WebPage\",\"@id\":\"https:\/\/cogerie.com\/product\/hand-wash-holy-lotus-flower-1l\/\",\"url\":\"https:\/\/cogerie.com\/product\/hand-wash-holy-lotus-flower-1l\/\",\"name\":\"Hand Wash - Holy Lotus Flower - 1L - Cogerie Paris\",\"isPartOf\":{\"@id\":\"https:\/\/cogerie.com\/#website\"},\"primaryImageOfPage\":{\"@id\":\"https:\/\/cogerie.com\/product\/hand-wash-holy-lotus-flower-1l\/#primaryimage\"},\"image\":{\"@id\":\"https:\/\/cogerie.com\/product\/hand-wash-holy-lotus-flower-1l\/#primaryimage\"},\"thumbnailUrl\":\"https:\/\/cogerie.com\/wp-content\/uploads\/2025\/11\/Lotus_1L.jpg\",\"datePublished\":\"2025-11-01T20:28:27+00:00\",\"dateModified\":\"2025-11-01T20:33:11+00:00\",\"breadcrumb\":{\"@id\":\"https:\/\/cogerie.com\/product\/hand-wash-holy-lotus-flower-1l\/#breadcrumb\"},\"inLanguage\":\"fr-FR\",\"potentialAction\":[{\"@type\":\"ReadAction\",\"target\":[\"https:\/\/cogerie.com\/product\/hand-wash-holy-lotus-flower-1l\/\"]}]},{\"@type\":\"ImageObject\",\"inLanguage\":\"fr-FR\",\"@id\":\"https:\/\/cogerie.com\/product\/hand-wash-holy-lotus-flower-1l\/#primaryimage\",\"url\":\"https:\/\/cogerie.com\/wp-content\/uploads\/2025\/11\/Lotus_1L.jpg\",\"contentUrl\":\"https:\/\/cogerie.com\/wp-content\/uploads\/2025\/11\/Lotus_1L.jpg\",\"width\":1400,\"height\":1400},{\"@type\":\"BreadcrumbList\",\"@id\":\"https:\/\/cogerie.com\/product\/hand-wash-holy-lotus-flower-1l\/#breadcrumb\",\"itemListElement\":[{\"@type\":\"ListItem\",\"position\":1,\"name\":\"Home\",\"item\":\"https:\/\/cogerie.com\/\"},{\"@type\":\"ListItem\",\"position\":2,\"name\":\"Shop\",\"item\":\"https:\/\/cogerie.com\/shop\/\"},{\"@type\":\"ListItem\",\"position\":3,\"name\":\"Hand Wash &#8211; Holy Lotus Flower &#8211; 1L\"}]},{\"@type\":\"WebSite\",\"@id\":\"https:\/\/cogerie.com\/#website\",\"url\":\"https:\/\/cogerie.com\/\",\"name\":\"Cogerie Paris\",\"description\":\"\",\"publisher\":{\"@id\":\"https:\/\/cogerie.com\/#organization\"},\"potentialAction\":[{\"@type\":\"SearchAction\",\"target\":{\"@type\":\"EntryPoint\",\"urlTemplate\":\"https:\/\/cogerie.com\/?s={search_term_string}\"},\"query-input\":{\"@type\":\"PropertyValueSpecification\",\"valueRequired\":true,\"valueName\":\"search_term_string\"}}],\"inLanguage\":\"fr-FR\"},{\"@type\":\"Organization\",\"@id\":\"https:\/\/cogerie.com\/#organization\",\"name\":\"Cogerie Paris\",\"url\":\"https:\/\/cogerie.com\/\",\"logo\":{\"@type\":\"ImageObject\",\"inLanguage\":\"fr-FR\",\"@id\":\"https:\/\/cogerie.com\/#\/schema\/logo\/image\/\",\"url\":\"https:\/\/cogerie.com\/wp-content\/uploads\/2022\/01\/logo-gray-b-1024x549-1.png\",\"contentUrl\":\"https:\/\/cogerie.com\/wp-content\/uploads\/2022\/01\/logo-gray-b-1024x549-1.png\",\"width\":1024,\"height\":549,\"caption\":\"Cogerie Paris\"},\"image\":{\"@id\":\"https:\/\/cogerie.com\/#\/schema\/logo\/image\/\"}}]}<\/script>\n<!-- \/ Yoast SEO plugin. -->","yoast_head_json":{"title":"Hand Wash - Holy Lotus Flower - 1L - Cogerie Paris","robots":{"index":"index","follow":"follow","max-snippet":"max-snippet:-1","max-image-preview":"max-image-preview:large","max-video-preview":"max-video-preview:-1"},"canonical":"https:\/\/cogerie.com\/fr\/produit\/hand-wash-holy-lotus-flower-1l\/","og_locale":"fr_FR","og_type":"article","og_title":"Hand Wash - Holy Lotus Flower - 1L - Cogerie Paris","og_description":"A rich variety of floral and fruity fragrances will seduce even the most discerning olfactory tastes, for a pleasure of the senses combined with the powerful cleansing powers of this collection of hand soaps. A formula specially designed for a soft and fresh foam that gently cleanses the hands.    1L \/ 33,8 fl. oz.","og_url":"https:\/\/cogerie.com\/fr\/produit\/hand-wash-holy-lotus-flower-1l\/","og_site_name":"Cogerie Paris","article_modified_time":"2025-11-01T20:33:11+00:00","og_image":[{"width":1400,"height":1400,"url":"https:\/\/cogerie.com\/wp-content\/uploads\/2025\/11\/Lotus_1L.jpg","type":"image\/jpeg"}],"twitter_card":"summary_large_image","twitter_misc":{"Dur\u00e9e de lecture estim\u00e9e":"1 minute"},"schema":{"@context":"https:\/\/schema.org","@graph":[{"@type":"WebPage","@id":"https:\/\/cogerie.com\/product\/hand-wash-holy-lotus-flower-1l\/","url":"https:\/\/cogerie.com\/product\/hand-wash-holy-lotus-flower-1l\/","name":"Hand Wash - Holy Lotus Flower - 1L - Cogerie Paris","isPartOf":{"@id":"https:\/\/cogerie.com\/#website"},"primaryImageOfPage":{"@id":"https:\/\/cogerie.com\/product\/hand-wash-holy-lotus-flower-1l\/#primaryimage"},"image":{"@id":"https:\/\/cogerie.com\/product\/hand-wash-holy-lotus-flower-1l\/#primaryimage"},"thumbnailUrl":"https:\/\/cogerie.com\/wp-content\/uploads\/2025\/11\/Lotus_1L.jpg","datePublished":"2025-11-01T20:28:27+00:00","dateModified":"2025-11-01T20:33:11+00:00","breadcrumb":{"@id":"https:\/\/cogerie.com\/product\/hand-wash-holy-lotus-flower-1l\/#breadcrumb"},"inLanguage":"fr-FR","potentialAction":[{"@type":"ReadAction","target":["https:\/\/cogerie.com\/product\/hand-wash-holy-lotus-flower-1l\/"]}]},{"@type":"ImageObject","inLanguage":"fr-FR","@id":"https:\/\/cogerie.com\/product\/hand-wash-holy-lotus-flower-1l\/#primaryimage","url":"https:\/\/cogerie.com\/wp-content\/uploads\/2025\/11\/Lotus_1L.jpg","contentUrl":"https:\/\/cogerie.com\/wp-content\/uploads\/2025\/11\/Lotus_1L.jpg","width":1400,"height":1400},{"@type":"BreadcrumbList","@id":"https:\/\/cogerie.com\/product\/hand-wash-holy-lotus-flower-1l\/#breadcrumb","itemListElement":[{"@type":"ListItem","position":1,"name":"Home","item":"https:\/\/cogerie.com\/"},{"@type":"ListItem","position":2,"name":"Shop","item":"https:\/\/cogerie.com\/shop\/"},{"@type":"ListItem","position":3,"name":"Hand Wash &#8211; Holy Lotus Flower &#8211; 1L"}]},{"@type":"WebSite","@id":"https:\/\/cogerie.com\/#website","url":"https:\/\/cogerie.com\/","name":"Cogerie Paris","description":"","publisher":{"@id":"https:\/\/cogerie.com\/#organization"},"potentialAction":[{"@type":"SearchAction","target":{"@type":"EntryPoint","urlTemplate":"https:\/\/cogerie.com\/?s={search_term_string}"},"query-input":{"@type":"PropertyValueSpecification","valueRequired":true,"valueName":"search_term_string"}}],"inLanguage":"fr-FR"},{"@type":"Organization","@id":"https:\/\/cogerie.com\/#organization","name":"Cogerie Paris","url":"https:\/\/cogerie.com\/","logo":{"@type":"ImageObject","inLanguage":"fr-FR","@id":"https:\/\/cogerie.com\/#\/schema\/logo\/image\/","url":"https:\/\/cogerie.com\/wp-content\/uploads\/2022\/01\/logo-gray-b-1024x549-1.png","contentUrl":"https:\/\/cogerie.com\/wp-content\/uploads\/2022\/01\/logo-gray-b-1024x549-1.png","width":1024,"height":549,"caption":"Cogerie Paris"},"image":{"@id":"https:\/\/cogerie.com\/#\/schema\/logo\/image\/"}}]}},"_links":{"self":[{"href":"https:\/\/cogerie.com\/fr\/wp-json\/wp\/v2\/product\/1580","targetHints":{"allow":["GET"]}}],"collection":[{"href":"https:\/\/cogerie.com\/fr\/wp-json\/wp\/v2\/product"}],"about":[{"href":"https:\/\/cogerie.com\/fr\/wp-json\/wp\/v2\/types\/product"}],"wp:featuredmedia":[{"embeddable":true,"href":"https:\/\/cogerie.com\/fr\/wp-json\/wp\/v2\/media\/1447"}],"wp:attachment":[{"href":"https:\/\/cogerie.com\/fr\/wp-json\/wp\/v2\/media?parent=1580"}],"wp:term":[{"taxonomy":"product_brand","embeddable":true,"href":"https:\/\/cogerie.com\/fr\/wp-json\/wp\/v2\/product_brand?post=1580"},{"taxonomy":"product_cat","embeddable":true,"href":"https:\/\/cogerie.com\/fr\/wp-json\/wp\/v2\/product_cat?post=1580"},{"taxonomy":"product_tag","embeddable":true,"href":"https:\/\/cogerie.com\/fr\/wp-json\/wp\/v2\/product_tag?post=1580"}],"curies":[{"name":"wp","href":"https:\/\/api.w.org\/{rel}","templated":true}]}}